{"id":96,"date":"2018-12-03T15:42:42","date_gmt":"2018-12-03T15:42:42","guid":{"rendered":"https:\/\/haldus.net.ee\/proov\/toode\/kinkekaart-30-e\/"},"modified":"2020-02-27T19:38:31","modified_gmt":"2020-02-27T19:38:31","slug":"kinkekaart-30-e","status":"publish","type":"product","link":"https:\/\/en.vitavia.ee\/kasvuhoone\/product\/kinkekaart-30-e\/","title":{"rendered":"Kinkekaart 30 \u20ac"},"content":{"rendered":"<p>Vitavia kasvuhoonete ning aia- ja kodukaupade kinkekaart on praktiline ja oodatud kingitus,<br \/>\nmis sobib kinkimiseks nii s\u00f5brale, pereliikmele, kolleegile kui koost\u00f6\u00f6partnerile.<\/p>\n<h4><strong>Kinkekaardi ostu- ja kasutustingimused:<\/strong><\/h4>\n<p>\u2013 kinkekaardid on v\u00e4\u00e4rtustega 30 \u20ac, 50 \u20ac ja 100 \u20ac<br \/>\n\u2013 kinkekaarte saab osta e-poest nii kaardina kui e-kinkekaardina<br \/>\n\u2013 igal kinkekaardil on ainulaadne seerianumber, mis v\u00e4ljastatakse koos ostetud kaardiga<br \/>\n\u2013 kinkekaardid on t\u00e4htajatud<br \/>\n\u2013 kinkekaarte rahaks ei vahetata<\/p>\n<h4><strong>Kinkekaardid v\u00e4ljastame peale arve laekumist j\u00e4rgnevalt:<\/strong><\/h4>\n<p>\u2013 Ise j\u00e4rgitulemisel Tallinna laost<br \/>\n\u2013 kulleriga 2 t\u00f6\u00f6p\u00e4eva jooksul (saatmiskulu 8 \u20ac)<br \/>\n\u2013 SmartPOSTi ja Omniva pakiteenusega 3 t\u00f6\u00f6p\u00e4eva jooksul (saatmiskulu 3 \u20ac)<br \/>\n\u2013 e-kinkekaardid saadetakse tellitud e-mailile<\/p>\n<h5>Kui ostu summa \u00fcletab kaardi v\u00e4\u00e4rtuse, siis \u00fclej\u00e4\u00e4nuid osale esitatakse arve. V\u00e4iksema v\u00e4\u00e4rtuse puhul taha tagasimaksmisele ei kuulu.<\/h5>\n","protected":false},"excerpt":{"rendered":"<p>Vitavia kasvuhoonete ning aia- ja kodukaupade kinkekaart on praktiline ja oodatud kingitus, mis sobib kinkimiseks nii s\u00f5brale, pereliikmele, kolleegile kui koost\u00f6\u00f6partnerile. Kinkekaardi ostu- ja kasutustingimused: \u2013 kinkekaardid on v\u00e4\u00e4rtustega 30 \u20ac, 50 \u20ac ja 100 \u20ac \u2013 kinkekaarte saab osta e-poest nii kaardina kui e-kinkekaardina \u2013 igal kinkekaardil on ainulaadne seerianumber, mis v\u00e4ljastatakse koos ostetud &#8230; <\/p>\n<p class=\"read-more-container\"><a title=\"Kinkekaart 30 \u20ac\" class=\"read-more button\" href=\"https:\/\/en.vitavia.ee\/kasvuhoone\/product\/kinkekaart-30-e\/#more-96\" aria-label=\"Read more about Kinkekaart 30 \u20ac\">Read more<\/a><\/p>\n","protected":false},"featured_media":3226,"comment_status":"closed","ping_status":"closed","template":"","meta":[],"product_brand":[],"product_cat":[131],"product_tag":[],"class_list":{"0":"post-96","1":"product","2":"type-product","3":"status-publish","4":"has-post-thumbnail","6":"product_cat-kinkekaardid","7":"infinite-scroll-item","8":"no-featured-image-padding","9":"sales-flash-overlay","10":"woocommerce-text-align-left","11":"woocommerce-image-align-center","12":"do-quantity-buttons","14":"first","15":"instock","16":"shipping-taxable","17":"purchasable","18":"product-type-simple"},"_links":{"self":[{"href":"https:\/\/en.vitavia.ee\/kasvuhoone\/wp-json\/wp\/v2\/product\/96","targetHints":{"allow":["GET"]}}],"collection":[{"href":"https:\/\/en.vitavia.ee\/kasvuhoone\/wp-json\/wp\/v2\/product"}],"about":[{"href":"https:\/\/en.vitavia.ee\/kasvuhoone\/wp-json\/wp\/v2\/types\/product"}],"replies":[{"embeddable":true,"href":"https:\/\/en.vitavia.ee\/kasvuhoone\/wp-json\/wp\/v2\/comments?post=96"}],"wp:featuredmedia":[{"embeddable":true,"href":"https:\/\/en.vitavia.ee\/kasvuhoone\/wp-json\/wp\/v2\/media\/3226"}],"wp:attachment":[{"href":"https:\/\/en.vitavia.ee\/kasvuhoone\/wp-json\/wp\/v2\/media?parent=96"}],"wp:term":[{"taxonomy":"product_brand","embeddable":true,"href":"https:\/\/en.vitavia.ee\/kasvuhoone\/wp-json\/wp\/v2\/product_brand?post=96"},{"taxonomy":"product_cat","embeddable":true,"href":"https:\/\/en.vitavia.ee\/kasvuhoone\/wp-json\/wp\/v2\/product_cat?post=96"},{"taxonomy":"product_tag","embeddable":true,"href":"https:\/\/en.vitavia.ee\/kasvuhoone\/wp-json\/wp\/v2\/product_tag?post=96"}],"curies":[{"name":"wp","href":"https:\/\/api.w.org\/{rel}","templated":true}]}}